{"id":105,"date":"2013-04-13T14:52:16","date_gmt":"2013-04-13T14:52:16","guid":{"rendered":"http:\/\/www.peterfratton.ch\/wordpresswordpress\/?page_id=105"},"modified":"2021-01-15T14:49:03","modified_gmt":"2021-01-15T13:49:03","slug":"kontakt","status":"publish","type":"page","link":"https:\/\/www.peterfratton.ch\/?page_id=105","title":{"rendered":"Kontakt \/ Aktuelle Termine \/ Social Media"},"content":{"rendered":"<p><strong>Vortrags- und Beratungsanfragen<\/strong><\/p>\n<p>Sie m\u00f6chten mich f\u00fcr Vortr\u00e4ge, Projekte\u00a0oder Beratungen<br \/>\nengagieren.<\/p>\n<p>Projekte kann ich erst wieder ab 2022 ber\u00fccksichtigen, Beratungen ab Ende 2021.<\/p>\n<p>Bitte wenden Sie sich zur Terminabstimmung an mich:<\/p>\n<p>Fon +41 (79) 353 44 84<br \/>\n<a title=\"Peter Fratton\" href=\"mailto:%20peter.fratton@peterfratton.ch\" target=\"_blank\" rel=\"noopener\">peter.fratton@peterfratton.ch<\/a><\/p>\n<p>&nbsp;<\/p>\n<p><strong>Social Media<\/strong><\/p>\n<p><a href=\"https:\/\/de-de.facebook.com\/peter.fratton\" target=\"_blank\" rel=\"noopener\">Facebook<\/a><br \/>\n<a href=\"http:\/\/ch.linkedin.com\/pub\/peter-fratton\/36\/997\/150\" target=\"_blank\" rel=\"noopener\">LinkedIn<\/a><\/p>\n<p>&nbsp;<\/p>\n","protected":false},"excerpt":{"rendered":"<p>Vortrags- und Beratungsanfragen Sie m\u00f6chten mich f\u00fcr Vortr\u00e4ge, Projekte\u00a0oder Beratungen engagieren. Projekte kann ich erst wieder ab 2022 ber\u00fccksichtigen, Beratungen ab Ende 2021. Bitte wenden Sie sich zur Terminabstimmung an mich: Fon +41 (79) 353 44 84 peter.fratton@peterfratton.ch &nbsp; Social Media Facebook LinkedIn &nbsp;<\/p>\n","protected":false},"author":1,"featured_media":0,"parent":0,"menu_order":0,"comment_status":"closed","ping_status":"closed","template":"","meta":[],"_links":{"self":[{"href":"https:\/\/www.peterfratton.ch\/index.php?rest_route=\/wp\/v2\/pages\/105"}],"collection":[{"href":"https:\/\/www.peterfratton.ch\/index.php?rest_route=\/wp\/v2\/pages"}],"about":[{"href":"https:\/\/www.peterfratton.ch\/index.php?rest_route=\/wp\/v2\/types\/page"}],"author":[{"embeddable":true,"href":"https:\/\/www.peterfratton.ch\/index.php?rest_route=\/wp\/v2\/users\/1"}],"replies":[{"embeddable":true,"href":"https:\/\/www.peterfratton.ch\/index.php?rest_route=%2Fwp%2Fv2%2Fcomments&post=105"}],"version-history":[{"count":50,"href":"https:\/\/www.peterfratton.ch\/index.php?rest_route=\/wp\/v2\/pages\/105\/revisions"}],"predecessor-version":[{"id":821,"href":"https:\/\/www.peterfratton.ch\/index.php?rest_route=\/wp\/v2\/pages\/105\/revisions\/821"}],"wp:attachment":[{"href":"https:\/\/www.peterfratton.ch\/index.php?rest_route=%2Fwp%2Fv2%2Fmedia&parent=105"}],"curies":[{"name":"wp","href":"https:\/\/api.w.org\/{rel}","templated":true}]}}