{"id":106,"date":"2013-04-13T14:52:09","date_gmt":"2013-04-13T14:52:09","guid":{"rendered":"http:\/\/www.peterfratton.ch\/wordpresswordpress\/?page_id=106"},"modified":"2021-02-11T15:37:40","modified_gmt":"2021-02-11T14:37:40","slug":"impressum","status":"publish","type":"page","link":"https:\/\/www.peterfratton.ch\/?page_id=106","title":{"rendered":"Impressum"},"content":{"rendered":"<p><strong>Peter Fratton<\/strong><br \/>\nHerrenstrasse 3<br \/>\n9532 Rickenbach \/ Wil<br \/>\nSCHWEIZ<\/p>\n<p>Fon +41 71 422 21 94<br \/>\n<a href=\"mailto:peter.fratton@peterfratton.ch\">peter.fratton@peterfratton.ch<\/a><\/p>\n<p><strong>Verantwortlich<\/strong><br \/>\nPeter Fratton<\/p>\n<p><strong>Konzeption und Gestaltung<br \/>\n<\/strong>b\u00fcroa, Peter Fratton, Michaela Busch<\/p>\n<p><strong>Haftungsausschluss<\/strong><\/p>\n<p>Peter Fratton \u00fcbernimmt keine Gew\u00e4hr f\u00fcr die Aktualit\u00e4t, Richtigkeit und Vollst\u00e4ndigkeit der Informationen auf diesen Seiten oder den jederzeitigen st\u00f6rungsfreien Zugang. Bei Verweisen (Links) auf Internetseiten Dritter \u00fcbernimmt Peter Fratton keine Verantwortung f\u00fcr die Inhalte der verlinkten Seiten. Mit dem Bet\u00e4tigen des Verweises verlassen Sie das Informationsangebot von Peter Fratton.<\/p>\n<p>\u00a9 Copyright 2021\u00a0<strong>Peter Fratton<\/strong><\/p>\n<p>Alle Rechte vorbehalten. Text, Bilder, Grafiken, Ton, Animationen und Videos sowie deren Anordnung auf der Website unterliegen dem Schutz des Urheberrechts und anderer Schutzgesetze. Der Inhalt dieser Website darf nicht zu kommerziellen Zwecken kopiert, verbreitet, ver\u00e4ndert oder Dritten zug\u00e4nglich gemacht werden. Einige Seiten enthalten au\u00dferdem Bilder, die dem Copyright Dritter unterliegen.<\/p>\n","protected":false},"excerpt":{"rendered":"<p>Peter Fratton Herrenstrasse 3 9532 Rickenbach \/ Wil SCHWEIZ Fon +41 71 422 21 94 peter.fratton@peterfratton.ch Verantwortlich Peter Fratton Konzeption und Gestaltung b\u00fcroa, Peter Fratton, Michaela Busch Haftungsausschluss Peter Fratton \u00fcbernimmt keine Gew\u00e4hr f\u00fcr die Aktualit\u00e4t, Richtigkeit und Vollst\u00e4ndigkeit der Informationen auf diesen Seiten oder den jederzeitigen st\u00f6rungsfreien Zugang. Bei Verweisen (Links) auf Internetseiten Dritter &hellip; <\/p>\n<p class=\"link-more\"><a href=\"https:\/\/www.peterfratton.ch\/?page_id=106\" class=\"more-link\"><span class=\"screen-reader-text\">\u201eImpressum\u201c<\/span> weiterlesen<\/a><\/p>\n","protected":false},"author":1,"featured_media":0,"parent":0,"menu_order":0,"comment_status":"closed","ping_status":"closed","template":"","meta":[],"_links":{"self":[{"href":"https:\/\/www.peterfratton.ch\/index.php?rest_route=\/wp\/v2\/pages\/106"}],"collection":[{"href":"https:\/\/www.peterfratton.ch\/index.php?rest_route=\/wp\/v2\/pages"}],"about":[{"href":"https:\/\/www.peterfratton.ch\/index.php?rest_route=\/wp\/v2\/types\/page"}],"author":[{"embeddable":true,"href":"https:\/\/www.peterfratton.ch\/index.php?rest_route=\/wp\/v2\/users\/1"}],"replies":[{"embeddable":true,"href":"https:\/\/www.peterfratton.ch\/index.php?rest_route=%2Fwp%2Fv2%2Fcomments&post=106"}],"version-history":[{"count":14,"href":"https:\/\/www.peterfratton.ch\/index.php?rest_route=\/wp\/v2\/pages\/106\/revisions"}],"predecessor-version":[{"id":839,"href":"https:\/\/www.peterfratton.ch\/index.php?rest_route=\/wp\/v2\/pages\/106\/revisions\/839"}],"wp:attachment":[{"href":"https:\/\/www.peterfratton.ch\/index.php?rest_route=%2Fwp%2Fv2%2Fmedia&parent=106"}],"curies":[{"name":"wp","href":"https:\/\/api.w.org\/{rel}","templated":true}]}}