{"id":16,"date":"2013-03-29T13:42:08","date_gmt":"2013-03-29T13:42:08","guid":{"rendered":"http:\/\/www.peterfratton.ch\/wordpresswordpress\/?page_id=16"},"modified":"2021-01-15T15:53:43","modified_gmt":"2021-01-15T14:53:43","slug":"presse","status":"publish","type":"page","link":"https:\/\/www.peterfratton.ch\/?page_id=16","title":{"rendered":"Presse \/ Feedback"},"content":{"rendered":"<h2><span style=\"font-size: 1.17em;\">Hier finden Sie interessante Berichte aus der Presse.<\/span><\/h2>\n<p>&#8222;Wie sch\u00f6n, wenn die Journalisten sinngetreu statt wortgetreu schreiben. Im Gegensatz zu verantwortungsfreien Politsoldaten, Gemeinplatzw\u00e4chtern und Ablehnungsprofis \u00fcbernehmen umsetzungsorientierte Menschen Positionen. Diese k\u00f6nnen nie absolut und nie ohne Fehler sein, weil jeder an einer Stelle steht, an der kein anderer steht, jemals stand und nie stehen wird. Diese Menschen erweitern ihren Raum dadurch, dass sie sich in Frage stellen lassen. Wer sich nicht in Frage stellen l\u00e4sst, ist demzufolge auch nicht fragw\u00fcrdig. F\u00fcr viele bedauerlicherweise ein Kompliment. Aus der Innovationsforschung ist bekannt, dass alle Innovationen gr\u00f6ssere oder weniger grosse Widerst\u00e4nde hervorrufen. Von da her ist es lehrreich, solchen Widerst\u00e4nden auch Raum zu geben. Besonders interessant wird die Argumentation, wenn \u2013 wie in Deutschland etabliert \u2013 mit Schulpolitik Wahlen zu gewinnen sind. Hier wird oft nicht zur\u00fcck geschreckt vor Unwahrheiten und Sinnentstellungen.&#8220;<\/p>\n<ul>\n<li>01\/2020: \u00a0<a href=\"https:\/\/www.labournet.de\/politik\/alltag\/ausbildung\/bildung-all\/alemannenschule-wutoeschingen-geht-lernen-auch-ganz-anders-als-seine-schule-von-der-schliessung-bedroht-ist-probiert-ein-rektor-das-einfach-mal-aus\/\">Lernen geht auch ganz anders<\/a><\/li>\n<li><a href=\"https:\/\/www.thurgauerzeitung.ch\/ostschweiz\/thurgau\/romanshorn\/tz-ro\/Das-Zollhaus-traegt-jetzt-Abendrobe;art123832,4104054\" target=\"_blank\" rel=\"noopener\">01\/2015: Thurgauer Zeitung: &#8222;Das Zollhaus tr\u00e4gt jetzt Abendrobe&#8220;<\/a><\/li>\n<li><a href=\"http:\/\/www.thurgauerzeitung.ch\/ostschweiz\/stgallen\/stadtstgallen\/tb-st\/Peter-Fratton-liest-in-St-Gallen;art186,4101646\" target=\"_blank\" rel=\"noopener\">01\/2015: Thurgauer Zeitung: &#8222;Peter Fratton liest in St.Gallen&#8220;<\/a><\/li>\n<li><a href=\"http:\/\/www.thurgauerzeitung.ch\/ostschweiz\/stgallen\/wil\/wv-wi\/Kritische-Worte-des-Reformers;art119831,4088624\" target=\"_blank\" rel=\"noopener\">01\/2015: Thurgauer Zeitung: &#8222;Kritische Worte des Reformers&#8220;<\/a><\/li>\n<li><a href=\"http:\/\/www.thurgauerzeitung.ch\/ostschweiz\/thurgau\/romanshorn\/tz-ro\/Kritische-Worte-des-SBW-Vaters;art123832,4086357\" target=\"_blank\" rel=\"noopener\">01\/2015: Thurgauer Zeitung: &#8222;Kritische Worte des SBW-Vaters&#8220;<\/a><\/li>\n<li><a href=\"http:\/\/www.stimme.de\/heilbronn\/nachrichten\/region\/Das-Gymnasium-ist-nicht-in-Gefahr;art16305,2766177\" target=\"_blank\" rel=\"noopener\">11\/2014: Stimme.de Heilbronn: &#8222;Das Gymnasium ist nicht in Gefahr&#8220;<\/a><\/li>\n<li><a href=\"http:\/\/www.sg-9000.ch\/focus\/ich-war-ein-lerninvalider-schueler\/\" target=\"_blank\" rel=\"noopener\">05\/2014: \u00a0St.Galler Stadtmagazin: &#8222;Ich war ein lerninvalider Sch\u00fcler&#8220;\u2028<\/a><\/li>\n<li><a href=\"http:\/\/www.peterfratton.ch\/wordpresswp-content\/uploads\/2014\/12\/stuttgarter-nachrichten-22052013.pdf\" target=\"_blank\" rel=\"noopener\">05\/2013: Stuttgarter Nachrichten: &#8222;Ich m\u00f6chte mir diese Debatten nicht mehr antun&#8220;<\/a><\/li>\n<li><a href=\"http:\/\/lehrerfortbildung-bw.de\/lak\/akademien\/2013\/02_com\/index.html\" target=\"_blank\" rel=\"noopener\">01\/2013: Landesakademie Baden-W\u00fcrttemberg: &#8222;Der Weg vom Lehren zum Begleiten &#8211; ein Rollenwechsel&#8220;<\/a><\/li>\n<li>\n<div class=\"newsbox\" title=\"bing\"><a href=\"http:\/\/www.swp.de\/heidenheim\/lokales\/heidenheim\/Neues-Voith-Ausbildungszentrum-Baustart-ab-September;art1168893,1527274\" target=\"_blank\" rel=\"noopener\"><span class=\"news_text\">07\/2012: S\u00fcdwest Presse Online: &#8222;Neues Voith-Ausbildungszentrum: Baustart ab September&#8230;&#8220;<\/span><\/a><\/div>\n<\/li>\n<li>\n<div class=\"newsbox\" title=\"bing\"><a href=\"http:\/\/www.tagblatt.ch\/ostschweiz\/thurgau\/kantonthurgau\/tz-tg\/Die-Stadt-ist-ein-ausgedehntes-Lernatelier;art123841,2986703\" target=\"_blank\" rel=\"noopener\">05\/2012: Tagblatt Online: &#8222;Die Stadt ist ein ausgedehntes Lernatelier.&#8220;<\/a><\/div>\n<\/li>\n<li>\n<div class=\"newsbox\" title=\"bing\"><a href=\"http:\/\/www.tagblatt.ch\/ostschweiz\/thurgau\/romanshorn\/wetter\/Ich-war-und-blieb-Mister-SBW;art212,1329539\" target=\"_blank\" rel=\"noopener\">06\/2009: Tagblatt Online: &#8222;Ich war und blieb Mister SBW.&#8220;<\/a><\/div>\n<\/li>\n<\/ul>\n<h2><span style=\"font-size: 1.17em;\"><span style=\"font-size: x-large;\">Hier finden Sie R\u00fcckmeldungen von Kunden und Partnern.<\/span><\/span><\/h2>\n<p>Herzlichen Dank an alle, die mir \u00fcber alle Jahre positive und kritische R\u00fcckmeldung gegeben und so meine Arbeit positiv begleitet und entwickelt haben.<\/p>\n<ul>\n<li>Prof. Engler<\/li>\n<li><a href=\"http:\/\/www.peterfratton.ch\/wordpresswp-content\/uploads\/2014\/12\/Prof-Saterdag-1.pdf\" target=\"_blank\" rel=\"noopener\">Prof. Saterdag<\/a><\/li>\n<\/ul>\n<p>&nbsp;<\/p>\n","protected":false},"excerpt":{"rendered":"<p>Hier finden Sie interessante Berichte aus der Presse. &#8222;Wie sch\u00f6n, wenn die Journalisten sinngetreu statt wortgetreu schreiben. Im Gegensatz zu verantwortungsfreien Politsoldaten, Gemeinplatzw\u00e4chtern und Ablehnungsprofis \u00fcbernehmen umsetzungsorientierte Menschen Positionen. Diese k\u00f6nnen nie absolut und nie ohne Fehler sein, weil jeder an einer Stelle steht, an der kein anderer steht, jemals stand und nie stehen wird. &hellip; <\/p>\n<p class=\"link-more\"><a href=\"https:\/\/www.peterfratton.ch\/?page_id=16\" class=\"more-link\"><span class=\"screen-reader-text\">\u201ePresse \/ Feedback\u201c<\/span> weiterlesen<\/a><\/p>\n","protected":false},"author":1,"featured_media":0,"parent":0,"menu_order":0,"comment_status":"closed","ping_status":"closed","template":"","meta":[],"_links":{"self":[{"href":"https:\/\/www.peterfratton.ch\/index.php?rest_route=\/wp\/v2\/pages\/16"}],"collection":[{"href":"https:\/\/www.peterfratton.ch\/index.php?rest_route=\/wp\/v2\/pages"}],"about":[{"href":"https:\/\/www.peterfratton.ch\/index.php?rest_route=\/wp\/v2\/types\/page"}],"author":[{"embeddable":true,"href":"https:\/\/www.peterfratton.ch\/index.php?rest_route=\/wp\/v2\/users\/1"}],"replies":[{"embeddable":true,"href":"https:\/\/www.peterfratton.ch\/index.php?rest_route=%2Fwp%2Fv2%2Fcomments&post=16"}],"version-history":[{"count":70,"href":"https:\/\/www.peterfratton.ch\/index.php?rest_route=\/wp\/v2\/pages\/16\/revisions"}],"predecessor-version":[{"id":828,"href":"https:\/\/www.peterfratton.ch\/index.php?rest_route=\/wp\/v2\/pages\/16\/revisions\/828"}],"wp:attachment":[{"href":"https:\/\/www.peterfratton.ch\/index.php?rest_route=%2Fwp%2Fv2%2Fmedia&parent=16"}],"curies":[{"name":"wp","href":"https:\/\/api.w.org\/{rel}","templated":true}]}}