{"id":2,"date":"2013-02-22T11:53:44","date_gmt":"2013-02-22T11:53:44","guid":{"rendered":"http:\/\/www.peterfratton.ch\/wordpresswordpress\/?page_id=2"},"modified":"2021-01-15T14:59:04","modified_gmt":"2021-01-15T13:59:04","slug":"sample-page","status":"publish","type":"page","link":"https:\/\/www.peterfratton.ch\/","title":{"rendered":"Home"},"content":{"rendered":"<h2>Herzlich Willkommen.<\/h2>\n<p>Als ich 1980 das erste Haus des Lernens gr\u00fcndete, wollte man mir keine Bewilligung geben mit der Begr\u00fcndung, dass ich mit meinem Konzept des autonomen Lernens die Sch\u00fcler \u00fcberfordere. Heute, im Jahre 2020, arbeiten \u00fcber 140 Schulen im In- und Ausland nach den Grunds\u00e4tzen des autonomen Lernens. Aber noch immer gibt es noch Zweifler, die es den Kindern und Jugendlichen nicht zutrauen, dass sie in einer entsprechend geeigneten und\u00a0gestalteten Umgebung ihr Lernen &#8211; angeleitet und begleitet von empathischen Lernbegleiterinnen und Lernbegleitern &#8211; in die eigenen H\u00e4nde nehmen k\u00f6nnen.<\/p>\n<p>Sie finden auf meiner Homepage neben den Bef\u00fcrwortern auch die Meinung jener, die sich kein autonomes Lernen vorstellen k\u00f6nnen und die Autonomie gleichsetzen mit: Die Kinder m\u00fcssen alles selber machen und sind nicht betreut. Dabei ist das pers\u00f6nliche Gespr\u00e4ch, die Begleitung jedes Einzelnen ein Tragpfeiler des Konzeptes.<\/p>\n<p>Gerade die Coronazeit zeigt, wie wichtig es ist, dass wir f\u00fcr das formale Lernen Strukturen besitzen, die nicht auf Druck und Kontrolle beruhen, sondern auf pers\u00f6nlichem Interesse, Zielorientierung, eigenverlangter Leistung und gegenseitiger Verl\u00e4sslichkeit. \u00a0Wenn es Sie interessiert, wie solche Schulen arbeiten, empfehle ich einen Besuch an der <a href=\"http:\/\/www.neue-stadtschulen.ch\">Neuen Stadtschule in St. Gallen<\/a> (private Bildungsst\u00e4tte), die ich 2014 zusammen mit der Unternehmerin Bettina W\u00fcrth gegr\u00fcndet habe oder an der <a href=\"http:\/\/www.alemannenschule-wutoeschingen.de\">Alemannenschule Wut\u00f6schingen<\/a> (D), eine \u00f6ffentliche Schule, die ich seit 2013 begleite und die 2020 den Deutschen Schulpreis erhielt.<\/p>\n<p>Falls Sie mehr Interesse haben an meinen Gedanken und Erfahrungen, kann ich Ihnen mein Buch &#8222;Lass mir die Welt &#8211; verschule sie nicht&#8220; empfehlen. In beschr\u00e4nktem Umfang stehe ich auch f\u00fcr Vortr\u00e4ge und Beratungen zur Verf\u00fcgung.<\/p>\n<p>Peter Fratton<\/p>\n<p><a href=\"#\">www.peterfratton.ch<\/a><\/p>\n<p>&nbsp;<\/p>\n","protected":false},"excerpt":{"rendered":"<p>Herzlich Willkommen. Als ich 1980 das erste Haus des Lernens gr\u00fcndete, wollte man mir keine Bewilligung geben mit der Begr\u00fcndung, dass ich mit meinem Konzept des autonomen Lernens die Sch\u00fcler \u00fcberfordere. Heute, im Jahre 2020, arbeiten \u00fcber 140 Schulen im In- und Ausland nach den Grunds\u00e4tzen des autonomen Lernens. Aber noch immer gibt es noch &hellip; <\/p>\n<p class=\"link-more\"><a href=\"https:\/\/www.peterfratton.ch\/\" class=\"more-link\"><span class=\"screen-reader-text\">\u201eHome\u201c<\/span> weiterlesen<\/a><\/p>\n","protected":false},"author":1,"featured_media":0,"parent":0,"menu_order":0,"comment_status":"closed","ping_status":"closed","template":"","meta":[],"_links":{"self":[{"href":"https:\/\/www.peterfratton.ch\/index.php?rest_route=\/wp\/v2\/pages\/2"}],"collection":[{"href":"https:\/\/www.peterfratton.ch\/index.php?rest_route=\/wp\/v2\/pages"}],"about":[{"href":"https:\/\/www.peterfratton.ch\/index.php?rest_route=\/wp\/v2\/types\/page"}],"author":[{"embeddable":true,"href":"https:\/\/www.peterfratton.ch\/index.php?rest_route=\/wp\/v2\/users\/1"}],"replies":[{"embeddable":true,"href":"https:\/\/www.peterfratton.ch\/index.php?rest_route=%2Fwp%2Fv2%2Fcomments&post=2"}],"version-history":[{"count":60,"href":"https:\/\/www.peterfratton.ch\/index.php?rest_route=\/wp\/v2\/pages\/2\/revisions"}],"predecessor-version":[{"id":823,"href":"https:\/\/www.peterfratton.ch\/index.php?rest_route=\/wp\/v2\/pages\/2\/revisions\/823"}],"wp:attachment":[{"href":"https:\/\/www.peterfratton.ch\/index.php?rest_route=%2Fwp%2Fv2%2Fmedia&parent=2"}],"curies":[{"name":"wp","href":"https:\/\/api.w.org\/{rel}","templated":true}]}}