{"id":308,"date":"2014-08-03T20:51:58","date_gmt":"2014-08-03T20:51:58","guid":{"rendered":"http:\/\/www.peterfratton.ch\/wordpresswordpress\/?page_id=308"},"modified":"2021-02-11T15:33:13","modified_gmt":"2021-02-11T14:33:13","slug":"vortrage-2","status":"publish","type":"page","link":"https:\/\/www.peterfratton.ch\/?page_id=308","title":{"rendered":"P\u00e4dagogische Begleitung"},"content":{"rendered":"<p><a title=\"Portfolio\" href=\"http:\/\/www.peterfratton.ch\/?page_id=414\">&lt;\u00a0zur\u00fcck<\/a><\/p>\n<h2>Hier finden Sie Referenzen aus verschiedenen Projekten in der P\u00e4dagogischen Begleitung.<\/h2>\n<ul>\n<li><a href=\"http:\/\/www.institut-beatenberg.ch\/\" target=\"_blank\" rel=\"noopener\">Institut Beatenberg<\/a><\/li>\n<li><a href=\"http:\/\/www.neue-stadtschulen.ch\">Neue Stadtschulen St. Gallen<\/a><\/li>\n<li><a href=\"http:\/\/www.alemannenschule-wutoeschingen.de\">Alemannenschule Wut\u00f6schingen<\/a><\/li>\n<li>Landesgymnasium f\u00fcr Hochbegabte, Schw\u00e4bisch Gm\u00fcnd<\/li>\n<li><a href=\"http:\/\/www.pags-kuelsheim.de\/pages\/home.html\" target=\"_blank\" rel=\"noopener\">Werkrealschule (jetzt Gemeinschaftsschule) in K\u00fclsheim<\/a><\/li>\n<li>Internationale Schule Ulm<\/li>\n<li>Internationale Schule St. Gallen<\/li>\n<li>Projekt \u201eReform Plus\u201c P\u00e4dagogische Hochschule Ludwigsburg<\/li>\n<li>10. Schuljahr Kanton Zug<\/li>\n<li>Berufsfachschule f\u00fcr Pflegeberufe, M\u00e4nnedorf<\/li>\n<li><a href=\"http:\/\/www.reha-suedwest.de\/kbs\/willkommen\/\" target=\"_blank\" rel=\"noopener\">Konrad Biesalski Schule W\u00f6rt<\/a><\/li>\n<li><a href=\"http:\/\/www.freie-schule-anne-sophie.de\/\" target=\"_blank\" rel=\"noopener\">Freie Schulen Anne-Sophie in K\u00fcnzelsau und Berlin<\/a><\/li>\n<li>Seminar f\u00fcr Lernbegleitung, Kultusministerium Baden-W\u00fcrttemberg<\/li>\n<li>Projekt \u201eTransfer\u201c Landesinstitut f\u00fcr Lehrerbildung, Hamburg<\/li>\n<li><a href=\"http:\/\/www.oberseebilingualschool.ch\/de\/\" target=\"_blank\" rel=\"noopener\">Gymnasium Oberseebilingual School Freienbach<\/a><\/li>\n<li><a href=\"http:\/\/www.disj.de\/startseite\/\" target=\"_blank\" rel=\"noopener\">Deutsche Schule in Jeddah, Saudi Arabien<\/a><\/li>\n<li><a href=\"http:\/\/www.rahn-schulen-kairo.org\/kairo.html\" target=\"_blank\" rel=\"noopener\">Schulprojekt Kairo, \u00c4gypten<\/a><\/li>\n<li><a href=\"http:\/\/www.bluemountains.edu.au\/\" target=\"_blank\" rel=\"noopener\">Hotel Management School Blue Mountains, Sydney<\/a><\/li>\n<\/ul>\n","protected":false},"excerpt":{"rendered":"<p>&lt;\u00a0zur\u00fcck Hier finden Sie Referenzen aus verschiedenen Projekten in der P\u00e4dagogischen Begleitung. Institut Beatenberg Neue Stadtschulen St. Gallen Alemannenschule Wut\u00f6schingen Landesgymnasium f\u00fcr Hochbegabte, Schw\u00e4bisch Gm\u00fcnd Werkrealschule (jetzt Gemeinschaftsschule) in K\u00fclsheim Internationale Schule Ulm Internationale Schule St. Gallen Projekt \u201eReform Plus\u201c P\u00e4dagogische Hochschule Ludwigsburg 10. Schuljahr Kanton Zug Berufsfachschule f\u00fcr Pflegeberufe, M\u00e4nnedorf Konrad Biesalski Schule W\u00f6rt &hellip; <\/p>\n<p class=\"link-more\"><a href=\"https:\/\/www.peterfratton.ch\/?page_id=308\" class=\"more-link\"><span class=\"screen-reader-text\">\u201eP\u00e4dagogische Begleitung\u201c<\/span> weiterlesen<\/a><\/p>\n","protected":false},"author":2,"featured_media":0,"parent":0,"menu_order":0,"comment_status":"closed","ping_status":"closed","template":"","meta":[],"_links":{"self":[{"href":"https:\/\/www.peterfratton.ch\/index.php?rest_route=\/wp\/v2\/pages\/308"}],"collection":[{"href":"https:\/\/www.peterfratton.ch\/index.php?rest_route=\/wp\/v2\/pages"}],"about":[{"href":"https:\/\/www.peterfratton.ch\/index.php?rest_route=\/wp\/v2\/types\/page"}],"author":[{"embeddable":true,"href":"https:\/\/www.peterfratton.ch\/index.php?rest_route=\/wp\/v2\/users\/2"}],"replies":[{"embeddable":true,"href":"https:\/\/www.peterfratton.ch\/index.php?rest_route=%2Fwp%2Fv2%2Fcomments&post=308"}],"version-history":[{"count":27,"href":"https:\/\/www.peterfratton.ch\/index.php?rest_route=\/wp\/v2\/pages\/308\/revisions"}],"predecessor-version":[{"id":832,"href":"https:\/\/www.peterfratton.ch\/index.php?rest_route=\/wp\/v2\/pages\/308\/revisions\/832"}],"wp:attachment":[{"href":"https:\/\/www.peterfratton.ch\/index.php?rest_route=%2Fwp%2Fv2%2Fmedia&parent=308"}],"curies":[{"name":"wp","href":"https:\/\/api.w.org\/{rel}","templated":true}]}}