{"id":318,"date":"2014-08-03T21:12:11","date_gmt":"2014-08-03T21:12:11","guid":{"rendered":"http:\/\/www.peterfratton.ch\/wordpresswordpress\/?page_id=318"},"modified":"2021-02-11T15:34:38","modified_gmt":"2021-02-11T14:34:38","slug":"portfolio","status":"publish","type":"page","link":"https:\/\/www.peterfratton.ch\/?page_id=318","title":{"rendered":"Beratung Existenzgr\u00fcndung"},"content":{"rendered":"<p><a title=\"Portfolio\" href=\"http:\/\/www.peterfratton.ch\/?page_id=414\">&lt;\u00a0zur\u00fcck<\/a><\/p>\n<h2>Hier finden Sie exemplarisch Erfahrungen aus der Gr\u00fcndung von 15 eigenen H\u00e4usern des Lernens.<\/h2>\n<ul>\n<li>Schule f\u00fcr Beruf und Weiterbildung<\/li>\n<li>Thurgauische Arztgehilfinnenschule<\/li>\n<li>PRIMARIA Schule f\u00fcr 1- 6. Klasse<\/li>\n<li>Schule f\u00fcr Gestaltung<\/li>\n<li>Concorde: Primarschule f\u00fcr Hochbegabte<\/li>\n<li><a href=\"http:\/\/www.sbw.edu\/\" target=\"_blank\" rel=\"noopener\">SBW-Frauenfeld<\/a><\/li>\n<li>Berufsschule und Berufsmittelschule f\u00fcr Mediamatiker im Auftrag des Kantons Thurgau<\/li>\n<li>Euregiogymnasium<\/li>\n<li><a href=\"http:\/\/www.academia-euregio.ch\/home.html\" target=\"_blank\" rel=\"noopener\">Academia Euregio Bodensee<\/a><\/li>\n<li>Nationale Elite Sportschule, Kreuzlingen<\/li>\n<li>Internationales Schule Schaffhausen<\/li>\n<li>Internationale Schule Neustadt an der Weinstrasse<\/li>\n<li>Internationale Schule Ulm \/ Neu-Ulm<\/li>\n<li><a href=\"http:\/\/www.iskk.ch\/ver2\/\" target=\"_blank\" rel=\"noopener\">Internationale Schule Kreuzlingen<\/a><\/li>\n<li><a href=\"http:\/\/www.neue-stadtschulen.ch\/home.htm\" target=\"_blank\" rel=\"noopener\">Neue Stadtschulen Lernort\u00a0St. Gallen<\/a><\/li>\n<\/ul>\n<p>&nbsp;<\/p>\n","protected":false},"excerpt":{"rendered":"<p>&lt;\u00a0zur\u00fcck Hier finden Sie exemplarisch Erfahrungen aus der Gr\u00fcndung von 15 eigenen H\u00e4usern des Lernens. Schule f\u00fcr Beruf und Weiterbildung Thurgauische Arztgehilfinnenschule PRIMARIA Schule f\u00fcr 1- 6. Klasse Schule f\u00fcr Gestaltung Concorde: Primarschule f\u00fcr Hochbegabte SBW-Frauenfeld Berufsschule und Berufsmittelschule f\u00fcr Mediamatiker im Auftrag des Kantons Thurgau Euregiogymnasium Academia Euregio Bodensee Nationale Elite Sportschule, Kreuzlingen Internationales &hellip; <\/p>\n<p class=\"link-more\"><a href=\"https:\/\/www.peterfratton.ch\/?page_id=318\" class=\"more-link\"><span class=\"screen-reader-text\">\u201eBeratung Existenzgr\u00fcndung\u201c<\/span> weiterlesen<\/a><\/p>\n","protected":false},"author":2,"featured_media":0,"parent":0,"menu_order":0,"comment_status":"closed","ping_status":"closed","template":"","meta":[],"_links":{"self":[{"href":"https:\/\/www.peterfratton.ch\/index.php?rest_route=\/wp\/v2\/pages\/318"}],"collection":[{"href":"https:\/\/www.peterfratton.ch\/index.php?rest_route=\/wp\/v2\/pages"}],"about":[{"href":"https:\/\/www.peterfratton.ch\/index.php?rest_route=\/wp\/v2\/types\/page"}],"author":[{"embeddable":true,"href":"https:\/\/www.peterfratton.ch\/index.php?rest_route=\/wp\/v2\/users\/2"}],"replies":[{"embeddable":true,"href":"https:\/\/www.peterfratton.ch\/index.php?rest_route=%2Fwp%2Fv2%2Fcomments&post=318"}],"version-history":[{"count":14,"href":"https:\/\/www.peterfratton.ch\/index.php?rest_route=\/wp\/v2\/pages\/318\/revisions"}],"predecessor-version":[{"id":834,"href":"https:\/\/www.peterfratton.ch\/index.php?rest_route=\/wp\/v2\/pages\/318\/revisions\/834"}],"wp:attachment":[{"href":"https:\/\/www.peterfratton.ch\/index.php?rest_route=%2Fwp%2Fv2%2Fmedia&parent=318"}],"curies":[{"name":"wp","href":"https:\/\/api.w.org\/{rel}","templated":true}]}}