{"id":414,"date":"2014-08-16T10:24:32","date_gmt":"2014-08-16T10:24:32","guid":{"rendered":"http:\/\/www.peterfratton.ch\/wordpresswordpress\/?page_id=414"},"modified":"2021-02-11T15:32:31","modified_gmt":"2021-02-11T14:32:31","slug":"portfolio-2","status":"publish","type":"page","link":"https:\/\/www.peterfratton.ch\/?page_id=414","title":{"rendered":"Portfolio"},"content":{"rendered":"<h2>Hier finden Sie meine Kompetenzen aus jahrelanger beruflichen Erfahrung. F\u00fcr weitere Information klicken Sie auf einen der nachfolgenden Links.<\/h2>\n<p>&nbsp;<\/p>\n<ul>\n<li><a title=\"Vortr\u00e4ge\" href=\"http:\/\/www.peterfratton.ch\/?page_id=11\">Vortr\u00e4ge<\/a><\/li>\n<li><a title=\"P\u00e4dagogische Begleitung\" href=\"http:\/\/www.peterfratton.ch\/?page_id=308\">P\u00e4dagogische Begleitung<\/a><\/li>\n<li><a href=\"http:\/\/www.peterfratton.ch\/?page_id=318\">Beratung Existenzgr\u00fcndung<\/a><\/li>\n<li><a title=\"Erg\u00e4nzende Gedanken\" href=\"http:\/\/www.peterfratton.ch\/?page_id=430\">Erg\u00e4nzende Gedanken<\/a><\/li>\n<li><a title=\"Dichtung und Wahrheit\" href=\"http:\/\/www.peterfratton.ch\/?page_id=436\">Dichtung und Wahrheit<\/a><\/li>\n<\/ul>\n<p>&nbsp;<\/p>\n<p>&nbsp;<\/p>\n","protected":false},"excerpt":{"rendered":"<p>Hier finden Sie meine Kompetenzen aus jahrelanger beruflichen Erfahrung. F\u00fcr weitere Information klicken Sie auf einen der nachfolgenden Links. &nbsp; Vortr\u00e4ge P\u00e4dagogische Begleitung Beratung Existenzgr\u00fcndung Erg\u00e4nzende Gedanken Dichtung und Wahrheit &nbsp; &nbsp;<\/p>\n","protected":false},"author":1,"featured_media":0,"parent":0,"menu_order":0,"comment_status":"closed","ping_status":"closed","template":"","meta":[],"_links":{"self":[{"href":"https:\/\/www.peterfratton.ch\/index.php?rest_route=\/wp\/v2\/pages\/414"}],"collection":[{"href":"https:\/\/www.peterfratton.ch\/index.php?rest_route=\/wp\/v2\/pages"}],"about":[{"href":"https:\/\/www.peterfratton.ch\/index.php?rest_route=\/wp\/v2\/types\/page"}],"author":[{"embeddable":true,"href":"https:\/\/www.peterfratton.ch\/index.php?rest_route=\/wp\/v2\/users\/1"}],"replies":[{"embeddable":true,"href":"https:\/\/www.peterfratton.ch\/index.php?rest_route=%2Fwp%2Fv2%2Fcomments&post=414"}],"version-history":[{"count":33,"href":"https:\/\/www.peterfratton.ch\/index.php?rest_route=\/wp\/v2\/pages\/414\/revisions"}],"predecessor-version":[{"id":831,"href":"https:\/\/www.peterfratton.ch\/index.php?rest_route=\/wp\/v2\/pages\/414\/revisions\/831"}],"wp:attachment":[{"href":"https:\/\/www.peterfratton.ch\/index.php?rest_route=%2Fwp%2Fv2%2Fmedia&parent=414"}],"curies":[{"name":"wp","href":"https:\/\/api.w.org\/{rel}","templated":true}]}}