{"id":478,"date":"2014-08-16T11:28:12","date_gmt":"2014-08-16T11:28:12","guid":{"rendered":"http:\/\/www.peterfratton.ch\/wordpresswordpress\/?page_id=478"},"modified":"2021-02-11T15:36:37","modified_gmt":"2021-02-11T14:36:37","slug":"meine-4-padagogischen-urbitten","status":"publish","type":"page","link":"https:\/\/www.peterfratton.ch\/?page_id=478","title":{"rendered":"Meine 4 p\u00e4dagogischen Urbitten"},"content":{"rendered":"<p><a title=\"Person\" href=\"http:\/\/www.peterfratton.ch\/?page_id=6\">&lt; zur\u00fcck<\/a><\/p>\n<h2>Meine 4 p\u00e4dagogischen Urbitten (formuliert 1980 im Gespr\u00e4ch mit Ruth Cohn)<\/h2>\n<p>Erziehe mich nicht \u2013 sondern begleite mich (Tenor: sage mir, was Du gerne h\u00e4ttest und gib mir die M\u00f6glichkeit auch dir zu sagen, was ich gerne h\u00e4tte. Wenn es Unterschiede gibt, bin ich sicher bereit eine L\u00f6sung zu finden, ich kann dir auch gerne entgegen kommen, weil ich dich mag)<\/p>\n<p>Bringe mir nichts bei \u2013 sondern lass mich teilhaben (Tenor: Ich weiss, dass du gewisse Dinge bereits wei\u00dft oder kannst, dass du mehr Erfahrung in gewissen Dingen hast. Wenn Du mich an Deinem Wissen und K\u00f6nnen teilhaben l\u00e4sst ohne mir einfach etwas beibringen zu wollen, wenn du selber Freude hast, mich an deinem Wissen und K\u00f6nnen zu beteiligen wird es mir auch Freude bereiten. Du musst nichts mit mir m\u00fcssen, sondern mit dir wollen.<\/p>\n<p>Erkl\u00e4re mir nicht \u2013 sondern gib mir Zeit zu erfahren (Tenor: Wenn du mir etwas erkl\u00e4rst, sind es deine Worte, deine Gedanken, deine Schritte und deine Muster. Wenn es gut geht werde ich alles verstehen: deine Worte, deine Gedanken und deine Schritte. Aber ich habe damit nicht meine Worte gefunden, meine Gedanken sortiert und meine Schritte gemacht. Gib mir die Zeit, das alles zu tun.<\/p>\n<p>Motiviere mich nicht \u2013 aber dich (Tenor: Ich bin ein eigenst\u00e4ndiger Mensch. Ich habe Freude, wenn andere Freude haben. Ohne dein Herz wirst du auch mit allen methodischen Tricks meine Seele nicht erreichen. Wenn du aber Freude hast, fasziniert bist von deinem Tun, brauchst du mich nie zu motivieren \u2013 und ich dich auch nicht)<\/p>\n<p>&nbsp;<\/p>\n","protected":false},"excerpt":{"rendered":"<p>&lt; zur\u00fcck Meine 4 p\u00e4dagogischen Urbitten (formuliert 1980 im Gespr\u00e4ch mit Ruth Cohn) Erziehe mich nicht \u2013 sondern begleite mich (Tenor: sage mir, was Du gerne h\u00e4ttest und gib mir die M\u00f6glichkeit auch dir zu sagen, was ich gerne h\u00e4tte. Wenn es Unterschiede gibt, bin ich sicher bereit eine L\u00f6sung zu finden, ich kann dir &hellip; <\/p>\n<p class=\"link-more\"><a href=\"https:\/\/www.peterfratton.ch\/?page_id=478\" class=\"more-link\"><span class=\"screen-reader-text\">\u201eMeine 4 p\u00e4dagogischen Urbitten\u201c<\/span> weiterlesen<\/a><\/p>\n","protected":false},"author":1,"featured_media":0,"parent":0,"menu_order":0,"comment_status":"closed","ping_status":"closed","template":"","meta":[],"_links":{"self":[{"href":"https:\/\/www.peterfratton.ch\/index.php?rest_route=\/wp\/v2\/pages\/478"}],"collection":[{"href":"https:\/\/www.peterfratton.ch\/index.php?rest_route=\/wp\/v2\/pages"}],"about":[{"href":"https:\/\/www.peterfratton.ch\/index.php?rest_route=\/wp\/v2\/types\/page"}],"author":[{"embeddable":true,"href":"https:\/\/www.peterfratton.ch\/index.php?rest_route=\/wp\/v2\/users\/1"}],"replies":[{"embeddable":true,"href":"https:\/\/www.peterfratton.ch\/index.php?rest_route=%2Fwp%2Fv2%2Fcomments&post=478"}],"version-history":[{"count":6,"href":"https:\/\/www.peterfratton.ch\/index.php?rest_route=\/wp\/v2\/pages\/478\/revisions"}],"predecessor-version":[{"id":838,"href":"https:\/\/www.peterfratton.ch\/index.php?rest_route=\/wp\/v2\/pages\/478\/revisions\/838"}],"wp:attachment":[{"href":"https:\/\/www.peterfratton.ch\/index.php?rest_route=%2Fwp%2Fv2%2Fmedia&parent=478"}],"curies":[{"name":"wp","href":"https:\/\/api.w.org\/{rel}","templated":true}]}}