{"id":509,"date":"2014-08-16T12:09:00","date_gmt":"2014-08-16T12:09:00","guid":{"rendered":"http:\/\/www.peterfratton.ch\/wordpresswordpress\/?page_id=509"},"modified":"2021-01-15T14:45:53","modified_gmt":"2021-01-15T13:45:53","slug":"referenzen-3","status":"publish","type":"page","link":"https:\/\/www.peterfratton.ch\/?page_id=509","title":{"rendered":"Publikationen"},"content":{"rendered":"<h2><span style=\"font-size: 1.17em;\"><span style=\"font-size: x-large;\">Hier finden Sie Interviews, Publikationen von mir\u00a0und weitere wertvolle Ver\u00f6ffentlichungen sowie Links.<\/span><\/span><\/h2>\n<h2>Interviews<\/h2>\n<ul>\n<li>\n<div align=\"LEFT\"><a href=\"http:\/\/www.peterfratton.ch\/wordpresswp-content\/uploads\/2014\/12\/Gespr\u00e4ch-mit-Peter-Fratton-und-K-Salfrank_Def1.pdf\" target=\"_blank\" rel=\"noopener\">Gespr\u00e4ch K. Saalfrank<\/a><\/div>\n<\/li>\n<\/ul>\n<h2>Publikationen\u00a0Peter Fratton<\/h2>\n<ul>\n<li><a title=\"Lesung Peter Fratton Neue Stadtschulen\" href=\"https:\/\/www.youtube.com\/watch?v=anzwCbdWhV4\" target=\"_blank\" rel=\"noopener\">2015: Trailer Lesung Peter Fratton Neue Stadtschulen<\/a><\/li>\n<li>2014 Peter Fratton: Lass mir die Welt &#8211; verschule sie nicht&#8220; Beltzverlag 2014. Auch als ebook erh\u00e4ltlich.<\/li>\n<li><a href=\"https:\/\/www.youtube.com\/watch?v=5Evd5k9ObJ8\" target=\"_blank\" rel=\"noopener\">2009: &#8222;Lernvirus&#8220; ein Film von Reinhard Kahl \u00fcber das SBW Haus des Lernens<\/a><\/li>\n<\/ul>\n<h2>Ver\u00f6ffentlichungen\u00a0Sonstige<\/h2>\n<ul>\n<li>\u00a0<a href=\"http:\/\/www.amazon.de\/Du-bist-wie-Beziehung-Erziehung\/dp\/3442174465\/ref=sr_1_1?s=books&amp;ie=UTF8&amp;qid=1417955828&amp;sr=1-1&amp;keywords=katharina+saalfrank\" target=\"_blank\" rel=\"noopener\">2014: Saalfrank, Katharina:\u00a0Du bist ok, so wie du bist &#8211; Beziehung statt Erziehung, Goldmann<\/a><\/li>\n<li>2018: Handbuch der Reformp\u00e4dagogik Alban Schraut Hrsg, ERGON Verlag Baden-Baden \/ \u00a0Beschreibt das Konzept des autonomen Lernens in der gestalteten Umgebung auf den Seiten 207 &#8211; 222<\/li>\n<li>2006: P\u00e4dagogische Hochschule Thurgau: Forschungsbericht Nr. 3 \u201eLernr\u00e4ume an Thurgauer Volksschulen. Eine Topografie\u201c<\/li>\n<li><a href=\"http:\/\/www.peterfratton.ch\/wordpresswp-content\/uploads\/2014\/12\/Band-6_Kapitel-7.pdf\" target=\"_blank\" rel=\"noopener\">2010: W\u00fcrth und Fratton: &#8222;Privatschulen &#8211; eine erg\u00e4nzende Alternative zum \u00f6ffentlichen Schulwesen &#8211; am Beispiel der Freien Schule Anne-Sophie in K\u00fcnzelsau&#8220;<\/a><\/li>\n<li>2011: Genevi\u00e8ve Appenzeller: Autonomes Lernen in der gestalteten Umgebung und die F\u00fcnf Disziplinen nach Senge, Masterarbeit an der Hochschule f\u00fcr Angewandte Wissenschaften St. Gallen<\/li>\n<li>1990: Mauro Mauro Minelli und Aldo Wicki \u201eWenn Lehrer von Sch\u00fclern Lernen\u201c St. Gallen (vergriffen)<\/li>\n<\/ul>\n<h2>Links<\/h2>\n<p><a href=\"https:\/\/www.alemannenschule-wutoeschingen.de\">Alemanenschule Wut\u00f6schingen<\/a>: Ich begleite die Schule als p\u00e4dagogischer Begleiter seit 2013 zusammen mit meiner Frau als Innenarchitektin. Konzept und Architektur haben europaweite Resonanz gefunden, weil P\u00e4dagogik und Raum eine sehr erfolgreiche Synthese eingegangen sind.<\/p>\n<p><a href=\"http:\/\/www.fratton-raum.ch\/\" target=\"_blank\" rel=\"noopener\">Fratton Raumgestaltung<\/a>: Der Raum, so sagt es die Reggiop\u00e4dagogik, sei der dritte Erzieher. Eine reiche Erfahrung in der innenarchitektonischen Gestaltung von Lernorten hat Doris Fratton.<\/p>\n<p><a href=\"http:\/\/www.freie-schule-anne-sophie.de\/\" target=\"_blank\" rel=\"noopener\">Freie Schule Anne-Sophie<\/a><a href=\"http:\/\/www.koerber-stiftung.de\/koerberforum\/gaeste\/gaeste-details\/gast\/peter-fratton.html\" target=\"_blank\" rel=\"noopener\">: <\/a>Homepage der Schule. Aktuelles und Geschichtliches zur Schule und P\u00e4dagogik<\/p>\n<p><a href=\"http:\/\/www.koerber-stiftung.de\/koerberforum\/gaeste\/gaeste-details\/gast\/peter-fratton.html\" target=\"_blank\" rel=\"noopener\">K\u00f6rber-Stiftung Hamburg, DE<\/a>: Homepage der Stiftung.<\/p>\n<p><a href=\"http:\/\/www.neue-stadtschulen.ch\/home.htm#filter=.videos\" target=\"_blank\" rel=\"noopener\">Neue Stadtschule Lernort St.Gallen:<\/a> Erl\u00e4uterung Konzept<\/p>\n<p align=\"LEFT\"><a href=\"http:\/\/www.sbw.edu\/\" target=\"_blank\" rel=\"noopener\">SBW:<\/a> Das ist der Verbund der von Peter Fratton gegr\u00fcndeten H\u00e4user des Lernens. 2006 hat er alle operativen und strategischen Aufgaben \u00fcbergeben, um sich der Beratungs- und Vortragst\u00e4tigkeit widmen zu k\u00f6nnen. Durch seinen Weggang haben sich zum Teil andere Ausrichtungen ergeben<\/p>\n<p align=\"LEFT\"><a href=\"http:\/\/www.wuerth.com\/web\/de\/wuerthcom\/portalseite.php\" target=\"_blank\" rel=\"noopener\">W\u00fcrth-Gruppe<\/a>: Homepage des Konzerns<\/p>\n<p align=\"LEFT\"><a href=\"http:\/\/www.stiftung-wuerth.de\/web\/de\/stiftung_wuerth\/index_stiftung.php\" target=\"_blank\" rel=\"noopener\">W\u00fcrth Stiftung<\/a>: Homepage der Stiftung mit Informationen zum Engagement der W\u00fcrth-Gruppe im Bereich Kunst und Kultur sowie Bildung und Ausbildung<\/p>\n<p align=\"LEFT\"><a href=\"http:\/\/de.wikipedia.org\/wiki\/Bettina_W%C3%BCrth\" target=\"_blank\" rel=\"noopener\">W\u00fcrth, Bettina:<\/a> Hier finden\u00a0Sie Informationen von Bettina W\u00fcrth<\/p>\n<p>&nbsp;<\/p>\n","protected":false},"excerpt":{"rendered":"<p>Hier finden Sie Interviews, Publikationen von mir\u00a0und weitere wertvolle Ver\u00f6ffentlichungen sowie Links. Interviews Gespr\u00e4ch K. Saalfrank Publikationen\u00a0Peter Fratton 2015: Trailer Lesung Peter Fratton Neue Stadtschulen 2014 Peter Fratton: Lass mir die Welt &#8211; verschule sie nicht&#8220; Beltzverlag 2014. Auch als ebook erh\u00e4ltlich. 2009: &#8222;Lernvirus&#8220; ein Film von Reinhard Kahl \u00fcber das SBW Haus des Lernens &hellip; <\/p>\n<p class=\"link-more\"><a href=\"https:\/\/www.peterfratton.ch\/?page_id=509\" class=\"more-link\"><span class=\"screen-reader-text\">\u201ePublikationen\u201c<\/span> weiterlesen<\/a><\/p>\n","protected":false},"author":1,"featured_media":0,"parent":0,"menu_order":0,"comment_status":"closed","ping_status":"closed","template":"","meta":[],"_links":{"self":[{"href":"https:\/\/www.peterfratton.ch\/index.php?rest_route=\/wp\/v2\/pages\/509"}],"collection":[{"href":"https:\/\/www.peterfratton.ch\/index.php?rest_route=\/wp\/v2\/pages"}],"about":[{"href":"https:\/\/www.peterfratton.ch\/index.php?rest_route=\/wp\/v2\/types\/page"}],"author":[{"embeddable":true,"href":"https:\/\/www.peterfratton.ch\/index.php?rest_route=\/wp\/v2\/users\/1"}],"replies":[{"embeddable":true,"href":"https:\/\/www.peterfratton.ch\/index.php?rest_route=%2Fwp%2Fv2%2Fcomments&post=509"}],"version-history":[{"count":58,"href":"https:\/\/www.peterfratton.ch\/index.php?rest_route=\/wp\/v2\/pages\/509\/revisions"}],"predecessor-version":[{"id":820,"href":"https:\/\/www.peterfratton.ch\/index.php?rest_route=\/wp\/v2\/pages\/509\/revisions\/820"}],"wp:attachment":[{"href":"https:\/\/www.peterfratton.ch\/index.php?rest_route=%2Fwp%2Fv2%2Fmedia&parent=509"}],"curies":[{"name":"wp","href":"https:\/\/api.w.org\/{rel}","templated":true}]}}